{"id":30,"date":"2016-11-22T21:23:08","date_gmt":"2016-11-22T21:23:08","guid":{"rendered":"http:\/\/www.lynestroch.com\/?page_id=30"},"modified":"2025-06-13T22:15:18","modified_gmt":"2025-06-14T02:15:18","slug":"accueil","status":"publish","type":"page","link":"https:\/\/utopsie.com\/work\/lynestroch\/","title":{"rendered":"Accueil"},"content":{"rendered":"<div class=\"bloc bloc-entete\">\n\n\t<div class=\"bloc-title\">\n\t\tBloc En-t\u00eate\n\t<\/div>\n\n\t<div class=\"cadre\">\n\t\t\n\t\t<div class=\"rowframe\">\n\t\t\n\t\t\t<div class=\"row expanded\">\n\t\t\n\t\t\t\t<div class=\"small-12 columns end\">\n\t\t\t\n\t\t\t\t\n\t\t\t\t\t\t\t\t\t\t\n\n\t\t\t\t\n\t\t\t\t\n\t\t\t\t\t\t\t\t\t\t\t\t\n\t\t\t\t\t\t<div class=\"swiper-container\">\n\t\t\t\t\t\t\n\t\t\t\t\t\t\t<div class=\"swiper-wrapper\" dir=\"ltr\">\n\t\t\t\t\t\t\t\n\t\t\t\t\t\t\t\t\t\t\t\t\t\t\t\t\n\t\t\t\t\t\t\t\t\t\t\n\t\t\t\t\t\t\t\t\t<div class=\"swiper-slide\">\n\t\t\t\t\t\t\t\t\t\t\n\t\t\t\t\t\t\t\t\t\t\t\t\t\t\t\t\t\t\t\t\t<div class=\"image\" data-couleur=\"off\">\n\t\t\t\t\t\t\t\t\t\t\t\t<img loading=\"lazy\" decoding=\"async\" width=\"1920\" height=\"1040\" src=\"https:\/\/utopsie.com\/work\/lynestroch\/wp-content\/uploads\/2024\/04\/b.-lyne-2023.01-670-bleutee.jpg\" class=\"attachment-full size-full\" alt=\"\" srcset=\"https:\/\/utopsie.com\/work\/lynestroch\/wp-content\/uploads\/2024\/04\/b.-lyne-2023.01-670-bleutee.jpg 1920w, https:\/\/utopsie.com\/work\/lynestroch\/wp-content\/uploads\/2024\/04\/b.-lyne-2023.01-670-bleutee-600x325.jpg 600w, https:\/\/utopsie.com\/work\/lynestroch\/wp-content\/uploads\/2024\/04\/b.-lyne-2023.01-670-bleutee-1200x650.jpg 1200w, https:\/\/utopsie.com\/work\/lynestroch\/wp-content\/uploads\/2024\/04\/b.-lyne-2023.01-670-bleutee-300x163.jpg 300w, https:\/\/utopsie.com\/work\/lynestroch\/wp-content\/uploads\/2024\/04\/b.-lyne-2023.01-670-bleutee-1024x555.jpg 1024w, https:\/\/utopsie.com\/work\/lynestroch\/wp-content\/uploads\/2024\/04\/b.-lyne-2023.01-670-bleutee-768x416.jpg 768w, https:\/\/utopsie.com\/work\/lynestroch\/wp-content\/uploads\/2024\/04\/b.-lyne-2023.01-670-bleutee-1536x832.jpg 1536w\" sizes=\"auto, (max-width: 1920px) 100vw, 1920px\" style=\"object-position:39% 46%\" \/>\t\t\t\t\t\t\t\t\t\t\t<\/div>\t\n\t\t\t\t\t\t\t\t\t\t\t\t\t\t\t\t\t\t\t\t\n\t\t\t\t\t\t\t\t\t\t<div class=\"title_block\" data-vert=\"mid\" data-horiz=\"left\" data-larg=\"2\">\n\t\t\t\t\t\t\t\t\t\t\t\n\t\t\t\t\t\t\t\t\t\t\t<div class=\"title_cadre\">\n\t\t\t\t\t\t\t\t\t\t\t\n\t\t\t\t\t\t\t\t\t\t\t\t<div class=\"titre\">\n\t\t\t\t\t\t\t\t\t\t\t\t\tProgramme d&rsquo;\u00e9tudes<br \/>\r\nYoga &amp; m\u00e9ditation\t\t\t\t\t\t\t\t\t\t\t\t<\/div>\n\t\t\t\t\t\t\t\t\t\t\t\t\n\t\t\t\t\t\t\t\t\t\t\t\t\t\t\t\t\t\t\t\t\t\t\t\t\t<div class=\"sous-titre\">\n\t\t\t\t\t\t\t\t\t\t\t\t\t\t<p>110 heures avec Lyne St-Roch<br \/>\n\u00e0 Magog<br \/>\nseptembre 2025 \u00e0 avril 2026<\/p>\n\t\t\t\t\t\t\t\t\t\t\t\t\t\t\n\t\t\t\t\t\t\t\t\t\t\t\t\t\t\t\t\t\t\t\t\t\t\t\t\t\t\t\t<div class=\"lien\">\n\t\t\t\t\t\t\t\t\t\t\t\t\t\t\t<a href=\"https:\/\/utopsie.com\/work\/lynestroch\/activite\/programme-detudes-en-yoga-meditation2025-26-110-heures\/\">INFO<\/a>\n\t\t\t\t\t\t\t\t\t\t\t\t\t\t<\/div>\n\t\t\t\t\t\t\t\t\t\t\t\t\t\t\t\t\t\t\t\t\t\t\t\t\t\t\t\t\n\t\t\t\t\t\t\t\t\t\t\t\t\t<\/div>\n\t\t\t\t\t\t\t\t\t\t\t\t\t\n\t\t\t\t\t\t\t\t\t\t\t\t\t\n\t\t\t\t\t\t\t\t\t\t\t\t\t\n\t\t\t\t\t\t\t\t\t\t\t\t\t\t\t\t\t\t\t\t\t\t\t\t\n\t\t\t\t\t\t\t\t\t\t\t\t\n\t\t\t\t\t\t\t\t\t\t\t\t\n\t\t\t\t\t\t\t\t\t\t\t<\/div>\n\t\t\t\t\t\t\t\t\t\t\t\n\t\t\t\t\t\t\t\t\t\t<\/div>\n\t\t\t\t\t\t\t\t\t\t\n\t\t\t\t\t\t\t\t\t<\/div>\n\t\t\t\t\t\t\t\t\n\t\t\t\t\t\t\t\t\n\t\t\t\t\t\t\t\t\t\t\t\t\t\t\t\t\n\t\t\t\t\t\t\t\t\t\t\n\t\t\t\t\t\t\t\t\t<div class=\"swiper-slide\">\n\t\t\t\t\t\t\t\t\t\t\n\t\t\t\t\t\t\t\t\t\t\t\t\t\t\t\t\t\t\t\t\t<div class=\"image\" data-couleur=\"off\">\n\t\t\t\t\t\t\t\t\t\t\t\t<img loading=\"lazy\" decoding=\"async\" width=\"1440\" height=\"1081\" src=\"https:\/\/utopsie.com\/work\/lynestroch\/wp-content\/uploads\/2024\/04\/f73c20dc-8dbd-4616-92f1-2b00f3503a29-bleutee.jpg\" class=\"attachment-full size-full\" alt=\"\" srcset=\"https:\/\/utopsie.com\/work\/lynestroch\/wp-content\/uploads\/2024\/04\/f73c20dc-8dbd-4616-92f1-2b00f3503a29-bleutee.jpg 1440w, https:\/\/utopsie.com\/work\/lynestroch\/wp-content\/uploads\/2024\/04\/f73c20dc-8dbd-4616-92f1-2b00f3503a29-bleutee-600x450.jpg 600w, https:\/\/utopsie.com\/work\/lynestroch\/wp-content\/uploads\/2024\/04\/f73c20dc-8dbd-4616-92f1-2b00f3503a29-bleutee-1200x901.jpg 1200w, https:\/\/utopsie.com\/work\/lynestroch\/wp-content\/uploads\/2024\/04\/f73c20dc-8dbd-4616-92f1-2b00f3503a29-bleutee-300x225.jpg 300w, https:\/\/utopsie.com\/work\/lynestroch\/wp-content\/uploads\/2024\/04\/f73c20dc-8dbd-4616-92f1-2b00f3503a29-bleutee-1024x769.jpg 1024w, https:\/\/utopsie.com\/work\/lynestroch\/wp-content\/uploads\/2024\/04\/f73c20dc-8dbd-4616-92f1-2b00f3503a29-bleutee-768x577.jpg 768w\" sizes=\"auto, (max-width: 1440px) 100vw, 1440px\" style=\"object-position:46% 23%\" \/>\t\t\t\t\t\t\t\t\t\t\t<\/div>\t\n\t\t\t\t\t\t\t\t\t\t\t\t\t\t\t\t\t\t\t\t\n\t\t\t\t\t\t\t\t\t\t<div class=\"title_block\" data-vert=\"mid\" data-horiz=\"left\" data-larg=\"2\">\n\t\t\t\t\t\t\t\t\t\t\t\n\t\t\t\t\t\t\t\t\t\t\t<div class=\"title_cadre\">\n\t\t\t\t\t\t\t\t\t\t\t\n\t\t\t\t\t\t\t\t\t\t\t\t<div class=\"titre\">\n\t\t\t\t\t\t\t\t\t\t\t\t\tRetraite de yoga <br \/>\r\n&amp; m\u00e9ditation<br \/>\r\nau Mexique\t\t\t\t\t\t\t\t\t\t\t\t<\/div>\n\t\t\t\t\t\t\t\t\t\t\t\t\n\t\t\t\t\t\t\t\t\t\t\t\t\t\t\t\t\t\t\t\t\t\t\t\t\t<div class=\"sous-titre\">\n\t\t\t\t\t\t\t\t\t\t\t\t\t\t<p>avec Lyne St-Roch<br \/>\nau Haramara Retreat<br \/>\n22 au 29 novembre 2025<\/p>\n\t\t\t\t\t\t\t\t\t\t\t\t\t\t\n\t\t\t\t\t\t\t\t\t\t\t\t\t\t\t\t\t\t\t\t\t\t\t\t\t\t\t\t<div class=\"lien\">\n\t\t\t\t\t\t\t\t\t\t\t\t\t\t\t<a href=\"https:\/\/utopsie.com\/work\/lynestroch\/activite\/retraite-de-yoga-meditation-au-mexique\/\">INFO<\/a>\n\t\t\t\t\t\t\t\t\t\t\t\t\t\t<\/div>\n\t\t\t\t\t\t\t\t\t\t\t\t\t\t\t\t\t\t\t\t\t\t\t\t\t\t\t\t\n\t\t\t\t\t\t\t\t\t\t\t\t\t<\/div>\n\t\t\t\t\t\t\t\t\t\t\t\t\t\n\t\t\t\t\t\t\t\t\t\t\t\t\t\n\t\t\t\t\t\t\t\t\t\t\t\t\t\n\t\t\t\t\t\t\t\t\t\t\t\t\t\t\t\t\t\t\t\t\t\t\t\t\n\t\t\t\t\t\t\t\t\t\t\t\t\n\t\t\t\t\t\t\t\t\t\t\t\t\n\t\t\t\t\t\t\t\t\t\t\t<\/div>\n\t\t\t\t\t\t\t\t\t\t\t\n\t\t\t\t\t\t\t\t\t\t<\/div>\n\t\t\t\t\t\t\t\t\t\t\n\t\t\t\t\t\t\t\t\t<\/div>\n\t\t\t\t\t\t\t\t\n\t\t\t\t\t\t\t\t\n\t\t\t\t\t\t\t\t\t\t\t\t\t\t\t\t\n\t\t\t\t\t\t\t\n\t\t\t\t\t\t\t<\/div>\n\t\t\t\t\t\t\t\t<!-- If we need pagination -->\n\t\t\t\t\t\t\t\t   <div class=\"swiper-pagination\"><\/div>\n\t\t\t\t\t\t\n\t\t\t\t\t\t\t\t\t\t\n\t\t\t\t\n\t\t\t\t\n\t\t\t\t\n\t\t\t\t\n\t\t\t\t\n\t\t\t\t\t\n\t\t\t\t\n\t\t\t\t\n\t\t\t\n\t\t\t\t<\/div>\n\t\t\n\t\t\t<\/div>\n\t\t\n\t\t<\/div>\n\t\t\n\t<\/div>\n<\/div>\n\t\n<\/div>\n\n\n\n<div class=\"wp-block-columns intro is-layout-flex wp-container-core-columns-is-layout-9d6595d7 wp-block-columns-is-layout-flex\">\n<div class=\"wp-block-column is-layout-flow wp-block-column-is-layout-flow\">\n<figure class=\"wp-block-image size-large\"><img loading=\"lazy\" decoding=\"async\" width=\"1024\" height=\"868\" src=\"https:\/\/utopsie.com\/work\/lynestroch\/wp-content\/uploads\/2018\/04\/lyne6-1024x868.jpg\" alt=\"\" class=\"wp-image-2700\" srcset=\"https:\/\/utopsie.com\/work\/lynestroch\/wp-content\/uploads\/2018\/04\/lyne6-1024x868.jpg 1024w, https:\/\/utopsie.com\/work\/lynestroch\/wp-content\/uploads\/2018\/04\/lyne6-600x509.jpg 600w, https:\/\/utopsie.com\/work\/lynestroch\/wp-content\/uploads\/2018\/04\/lyne6-1200x1017.jpg 1200w, https:\/\/utopsie.com\/work\/lynestroch\/wp-content\/uploads\/2018\/04\/lyne6-300x254.jpg 300w, https:\/\/utopsie.com\/work\/lynestroch\/wp-content\/uploads\/2018\/04\/lyne6-768x651.jpg 768w, https:\/\/utopsie.com\/work\/lynestroch\/wp-content\/uploads\/2018\/04\/lyne6-360x305.jpg 360w, https:\/\/utopsie.com\/work\/lynestroch\/wp-content\/uploads\/2018\/04\/lyne6-354x300.jpg 354w, https:\/\/utopsie.com\/work\/lynestroch\/wp-content\/uploads\/2018\/04\/lyne6.jpg 2048w\" sizes=\"auto, (max-width: 1024px) 100vw, 1024px\" \/><\/figure>\n<\/div>\n\n\n\n<div class=\"wp-block-column is-layout-flow wp-block-column-is-layout-flow\">\n<h2 class=\"wp-block-heading intro\">Les Studios Lyne St-Roch<\/h2>\n\n\n\n<p>ont pour mission depuis 2001 d\u2019apporter calme, sant\u00e9 et bien-\u00ad\u00eatre dans la vie des personnes qui passent leur porte en offrant des services de grande qualit\u00e9, dans le respect de la nature de chacun.<\/p>\n\n\n\n<p>Lyne et son \u00e9quipe proposent une approche qui, tout en \u00e9tant contemporaine, fait appel aux racines du yoga. L\u2019accent est mis sur la sant\u00e9 globale; les sensations du corps, le mouvement du souffle, l\u2019\u00e9coute int\u00e9rieure et la pleine conscience sont les fondements de l\u2019enseignement du yoga et de sa sagesse.<\/p>\n\n\n\n<p><a href=\"#\">EN SAVOIR PLUS<\/a><\/p>\n<\/div>\n<\/div>\n\n\n\n<div class=\"wp-block-columns coursdeyoga has-sable-background-color has-background is-layout-flex wp-container-core-columns-is-layout-9d6595d7 wp-block-columns-is-layout-flex\">\n<div class=\"wp-block-column is-layout-flow wp-block-column-is-layout-flow\">\n<h2 class=\"wp-block-heading\">Cours de yoga<\/h2>\n\n\n\n<p>Nous offrons aux \u00e9tudiants de tout horizon les outils n\u00e9cessaires pour qu\u2019ils puissent d\u2019abord acqu\u00e9rir une base solide en yoga.<\/p>\n\n\n\n<p>Cet ancrage leur permettra ensuite de d\u00e9velopper leur pratique, de l\u2019approfondir, voire m\u00eame d\u2019en faire un art de vie, un mode d\u2019\u00eatre\u2026<\/p>\n\n\n\n<p class=\"linkcours\"><a href=\"#\">VOIR LES COURS PROPOS\u00c9S<\/a><\/p>\n\n\n\n<p><a href=\"#\">CONSULTER L\u2019HORAIRE DU PRINTEMPS 2025<\/a><\/p>\n<\/div>\n\n\n\n<div class=\"wp-block-column is-layout-flow wp-block-column-is-layout-flow\">\n<figure class=\"wp-block-image size-full\"><img loading=\"lazy\" decoding=\"async\" width=\"600\" height=\"600\" src=\"https:\/\/utopsie.com\/work\/lynestroch\/wp-content\/uploads\/2017\/04\/yoga-tous-niveaux.jpg\" alt=\"\" class=\"wp-image-2178\" srcset=\"https:\/\/utopsie.com\/work\/lynestroch\/wp-content\/uploads\/2017\/04\/yoga-tous-niveaux.jpg 600w, https:\/\/utopsie.com\/work\/lynestroch\/wp-content\/uploads\/2017\/04\/yoga-tous-niveaux-100x100.jpg 100w, https:\/\/utopsie.com\/work\/lynestroch\/wp-content\/uploads\/2017\/04\/yoga-tous-niveaux-150x150.jpg 150w, https:\/\/utopsie.com\/work\/lynestroch\/wp-content\/uploads\/2017\/04\/yoga-tous-niveaux-300x300.jpg 300w, https:\/\/utopsie.com\/work\/lynestroch\/wp-content\/uploads\/2017\/04\/yoga-tous-niveaux-360x360.jpg 360w, https:\/\/utopsie.com\/work\/lynestroch\/wp-content\/uploads\/2017\/04\/yoga-tous-niveaux-125x125.jpg 125w\" sizes=\"auto, (max-width: 600px) 100vw, 600px\" \/><\/figure>\n<\/div>\n<\/div>\n\n\n\n<div class=\"wp-block-columns autres is-layout-flex wp-container-core-columns-is-layout-9d6595d7 wp-block-columns-is-layout-flex\">\n<div class=\"wp-block-column is-layout-flow wp-block-column-is-layout-flow\">\n<figure class=\"wp-block-image size-large\"><img loading=\"lazy\" decoding=\"async\" width=\"1024\" height=\"729\" src=\"https:\/\/utopsie.com\/work\/lynestroch\/wp-content\/uploads\/2021\/03\/b.-lyne-2023.01-209-1024x729.jpg\" alt=\"\" class=\"wp-image-12795\" srcset=\"https:\/\/utopsie.com\/work\/lynestroch\/wp-content\/uploads\/2021\/03\/b.-lyne-2023.01-209-1024x729.jpg 1024w, https:\/\/utopsie.com\/work\/lynestroch\/wp-content\/uploads\/2021\/03\/b.-lyne-2023.01-209-600x427.jpg 600w, https:\/\/utopsie.com\/work\/lynestroch\/wp-content\/uploads\/2021\/03\/b.-lyne-2023.01-209-1200x854.jpg 1200w, https:\/\/utopsie.com\/work\/lynestroch\/wp-content\/uploads\/2021\/03\/b.-lyne-2023.01-209-300x214.jpg 300w, https:\/\/utopsie.com\/work\/lynestroch\/wp-content\/uploads\/2021\/03\/b.-lyne-2023.01-209-768x547.jpg 768w, https:\/\/utopsie.com\/work\/lynestroch\/wp-content\/uploads\/2021\/03\/b.-lyne-2023.01-209-1536x1094.jpg 1536w, https:\/\/utopsie.com\/work\/lynestroch\/wp-content\/uploads\/2021\/03\/b.-lyne-2023.01-209.jpg 1920w\" sizes=\"auto, (max-width: 1024px) 100vw, 1024px\" \/><\/figure>\n<\/div>\n\n\n\n<div class=\"wp-block-column is-layout-flow wp-block-column-is-layout-flow\">\n<h2 class=\"wp-block-heading\">Autres activit\u00e9s<\/h2>\n\n\n\n<h3 class=\"wp-block-heading\">Retraites<\/h3>\n\n\n\n<p>Les professeurs proposent des outils adapt\u00e9s \u00e0 chacun pour approfondir et raffiner cet art de vivre qu\u2019est le yoga<\/p>\n\n\n\n<p><a href=\"#\">EN SAVOIR PLUS<\/a><\/p>\n\n\n\n<h3 class=\"wp-block-heading\">Capsules<\/h3>\n\n\n\n<p>Les professeurs proposent des outils adapt\u00e9s \u00e0 chacun pour approfondir et raffiner cet art de vivre qu\u2019est le yoga<\/p>\n\n\n\n<p><a href=\"#\">EN SAVOIR PLUS<\/a><\/p>\n<\/div>\n<\/div>\n","protected":false},"excerpt":{"rendered":"<p>Les Studios Lyne St-Roch ont pour mission depuis 2001 d\u2019apporter calme, sant\u00e9 et bien-\u00ad\u00eatre dans la vie des personnes qui passent leur porte en offrant des services de grande qualit\u00e9, dans le respect de la nature de chacun. Lyne et son \u00e9quipe proposent une approche qui, tout en \u00e9tant contemporaine, fait appel aux racines du<a class=\"excerpt-read-more\" href=\"https:\/\/utopsie.com\/work\/lynestroch\/\" title=\"ReadAccueil\">&#8230;<\/a><\/p>\n","protected":false},"author":1,"featured_media":0,"parent":0,"menu_order":7,"comment_status":"closed","ping_status":"closed","template":"","meta":{"_acf_changed":false,"advanced_seo_description":"","jetpack_seo_html_title":"","jetpack_seo_noindex":false,"footnotes":""},"class_list":["post-30","page","type-page","status-publish","hentry"],"acf":[],"jetpack_sharing_enabled":true,"_links":{"self":[{"href":"https:\/\/utopsie.com\/work\/lynestroch\/wp-json\/wp\/v2\/pages\/30","targetHints":{"allow":["GET"]}}],"collection":[{"href":"https:\/\/utopsie.com\/work\/lynestroch\/wp-json\/wp\/v2\/pages"}],"about":[{"href":"https:\/\/utopsie.com\/work\/lynestroch\/wp-json\/wp\/v2\/types\/page"}],"author":[{"embeddable":true,"href":"https:\/\/utopsie.com\/work\/lynestroch\/wp-json\/wp\/v2\/users\/1"}],"replies":[{"embeddable":true,"href":"https:\/\/utopsie.com\/work\/lynestroch\/wp-json\/wp\/v2\/comments?post=30"}],"version-history":[{"count":87,"href":"https:\/\/utopsie.com\/work\/lynestroch\/wp-json\/wp\/v2\/pages\/30\/revisions"}],"predecessor-version":[{"id":16816,"href":"https:\/\/utopsie.com\/work\/lynestroch\/wp-json\/wp\/v2\/pages\/30\/revisions\/16816"}],"wp:attachment":[{"href":"https:\/\/utopsie.com\/work\/lynestroch\/wp-json\/wp\/v2\/media?parent=30"}],"curies":[{"name":"wp","href":"https:\/\/api.w.org\/{rel}","templated":true}]}}