{"id":14564,"date":"2024-03-15T14:52:00","date_gmt":"2024-03-15T18:52:00","guid":{"rendered":"https:\/\/utopsie.com\/work\/lynestroch\/?post_type=product&#038;p=14564"},"modified":"2024-08-19T20:18:42","modified_gmt":"2024-08-20T00:18:42","slug":"programme-detudes-en-yoga-meditation2eme-partiedepot-seulement","status":"publish","type":"product","link":"https:\/\/utopsie.com\/work\/lynestroch\/boutique\/programme-detudes-en-yoga-meditation2eme-partiedepot-seulement\/","title":{"rendered":"Programme d&rsquo;\u00e9tudes en yoga &#038; m\u00e9ditation<br>2<sup>\u00e9me<\/sup> partie<br>D\u00e9p\u00f4t seulement"},"content":{"rendered":"<p><span style=\"color: #ff0000;\">***ATTENTION*** Vous \u00eates sur le point de payer le d\u00e9p\u00f4t de 250$ + taxes n\u00e9cessaire pour votre inscription au programme d&rsquo;\u00e9tude en yoga &amp; m\u00e9ditation | 2\u00e8me partie. Le solde de 1045$ + taxes sera payable le 18 octobre 2024<\/span><\/p>\n","protected":false},"excerpt":{"rendered":"<p>du 09 novembre 2024 au 27 avril 2025<\/p>\n<p>avec Lyne St-Roch<\/p>\n<p>Programme complet | D\u00e9p\u00f4t seulement<\/p>\n","protected":false},"featured_media":5111,"template":"","meta":{"_acf_changed":false,"advanced_seo_description":"","jetpack_seo_html_title":"","jetpack_seo_noindex":false},"product_brand":[],"product_cat":[38],"product_tag":[],"class_list":{"0":"post-14564","1":"product","2":"type-product","3":"status-publish","4":"has-post-thumbnail","6":"product_cat-activite","8":"first","9":"instock","10":"virtual","11":"taxable","12":"purchasable","13":"product-type-simple"},"acf":[],"jetpack_sharing_enabled":true,"_links":{"self":[{"href":"https:\/\/utopsie.com\/work\/lynestroch\/wp-json\/wp\/v2\/product\/14564","targetHints":{"allow":["GET"]}}],"collection":[{"href":"https:\/\/utopsie.com\/work\/lynestroch\/wp-json\/wp\/v2\/product"}],"about":[{"href":"https:\/\/utopsie.com\/work\/lynestroch\/wp-json\/wp\/v2\/types\/product"}],"wp:featuredmedia":[{"embeddable":true,"href":"https:\/\/utopsie.com\/work\/lynestroch\/wp-json\/wp\/v2\/media\/5111"}],"wp:attachment":[{"href":"https:\/\/utopsie.com\/work\/lynestroch\/wp-json\/wp\/v2\/media?parent=14564"}],"wp:term":[{"taxonomy":"product_brand","embeddable":true,"href":"https:\/\/utopsie.com\/work\/lynestroch\/wp-json\/wp\/v2\/product_brand?post=14564"},{"taxonomy":"product_cat","embeddable":true,"href":"https:\/\/utopsie.com\/work\/lynestroch\/wp-json\/wp\/v2\/product_cat?post=14564"},{"taxonomy":"product_tag","embeddable":true,"href":"https:\/\/utopsie.com\/work\/lynestroch\/wp-json\/wp\/v2\/product_tag?post=14564"}],"curies":[{"name":"wp","href":"https:\/\/api.w.org\/{rel}","templated":true}]}}