{"id":15596,"date":"2024-11-07T15:04:57","date_gmt":"2024-11-07T20:04:57","guid":{"rendered":"https:\/\/utopsie.com\/work\/lynestroch\/?post_type=product&#038;p=15596"},"modified":"2024-11-07T15:42:41","modified_gmt":"2024-11-07T20:42:41","slug":"programme-detudes-en-yoga-meditation2024-25volet-2-bloc-2depot-seulement","status":"publish","type":"product","link":"https:\/\/utopsie.com\/work\/lynestroch\/boutique\/programme-detudes-en-yoga-meditation2024-25volet-2-bloc-2depot-seulement\/","title":{"rendered":"Programme d&rsquo;\u00e9tudes en yoga &#038; m\u00e9ditation<br>2024-25<br>Volet 2 | Bloc 2<br>d\u00e9p\u00f4t seulement"},"content":{"rendered":"<p><span style=\"color: #ff0000;\">***ATTENTION*** Vous \u00eates sur le point de payer le d\u00e9p\u00f4t de 75$ + taxes n\u00e9cessaire pour votre inscription au bloc 2 du programme d&rsquo;\u00e9tude en yoga &amp; m\u00e9ditation 2024-25 volet 2. Le solde de 420$ + taxes sera payable le 07 mars 2025. Nous vous contacterons ult\u00e9rieurement en pr\u00e9vision du paiement de celui-ci. Contactez-nous si vous d\u00e9sirez payer la totalit\u00e9 du montant d\u00e8s maintenant.<\/span><\/p>\n","protected":false},"excerpt":{"rendered":"<p>Avec Lyne St-Roch<br \/>\n\u00e0 Magog<br \/>\n2 fins de semaine<br \/>\n22 &amp; 23 mars 2025<br \/>\n26 &amp; 27 avril 2025<br \/>\nles samedis de 09h00 @ 16h30<br \/>\nles dimanches de 09h00 \u00e0 16h00<\/p>\n","protected":false},"featured_media":5111,"template":"","meta":{"_acf_changed":false,"advanced_seo_description":"","jetpack_seo_html_title":"","jetpack_seo_noindex":false},"product_brand":[],"product_cat":[38],"product_tag":[],"class_list":{"0":"post-15596","1":"product","2":"type-product","3":"status-publish","4":"has-post-thumbnail","6":"product_cat-activite","8":"first","9":"instock","10":"virtual","11":"taxable","12":"purchasable","13":"product-type-simple"},"acf":[],"jetpack_sharing_enabled":true,"_links":{"self":[{"href":"https:\/\/utopsie.com\/work\/lynestroch\/wp-json\/wp\/v2\/product\/15596","targetHints":{"allow":["GET"]}}],"collection":[{"href":"https:\/\/utopsie.com\/work\/lynestroch\/wp-json\/wp\/v2\/product"}],"about":[{"href":"https:\/\/utopsie.com\/work\/lynestroch\/wp-json\/wp\/v2\/types\/product"}],"wp:featuredmedia":[{"embeddable":true,"href":"https:\/\/utopsie.com\/work\/lynestroch\/wp-json\/wp\/v2\/media\/5111"}],"wp:attachment":[{"href":"https:\/\/utopsie.com\/work\/lynestroch\/wp-json\/wp\/v2\/media?parent=15596"}],"wp:term":[{"taxonomy":"product_brand","embeddable":true,"href":"https:\/\/utopsie.com\/work\/lynestroch\/wp-json\/wp\/v2\/product_brand?post=15596"},{"taxonomy":"product_cat","embeddable":true,"href":"https:\/\/utopsie.com\/work\/lynestroch\/wp-json\/wp\/v2\/product_cat?post=15596"},{"taxonomy":"product_tag","embeddable":true,"href":"https:\/\/utopsie.com\/work\/lynestroch\/wp-json\/wp\/v2\/product_tag?post=15596"}],"curies":[{"name":"wp","href":"https:\/\/api.w.org\/{rel}","templated":true}]}}