{"id":15633,"date":"2024-11-14T17:57:47","date_gmt":"2024-11-14T22:57:47","guid":{"rendered":"https:\/\/utopsie.com\/work\/lynestroch\/?post_type=product&#038;p=15633"},"modified":"2024-12-02T15:13:44","modified_gmt":"2024-12-02T20:13:44","slug":"programme-detudes-en-yoga-meditation2025-26-110-heures","status":"publish","type":"product","link":"https:\/\/utopsie.com\/work\/lynestroch\/boutique\/programme-detudes-en-yoga-meditation2025-26-110-heures\/","title":{"rendered":"Programme d&rsquo;\u00e9tudes en yoga &#038; m\u00e9ditation<br>2025-26 | 110 heures"},"content":{"rendered":"<p><span style=\"color: #ff0000;\">***ATTENTION*** Vous \u00eates sur le point de payer le d\u00e9p\u00f4t de 250$ + taxes n\u00e9cessaire pour votre inscription au programme d&rsquo;\u00e9tude en yoga &amp; m\u00e9ditation 2025-26. Le solde de 1445$ + taxes sera payable le 05 septembre 2025. Nous vous contacterons ult\u00e9rieurement en pr\u00e9vision du paiement de celui-ci. Contactez-nous si vous d\u00e9sirez payer la totalit\u00e9 du montant d\u00e8s maintenant. <\/span><\/p>\n<p>&nbsp;<\/p>\n<p><em><span style=\"color: #000000;\">Les blocs seront mis en vente \u00e0 partir du 01 septembre 2025 seulement si le nombre maximal d&rsquo;inscriptions au programme n&rsquo;est pas atteint.<\/span><\/em><\/p>\n<p>&nbsp;<\/p>\n","protected":false},"excerpt":{"rendered":"<p>du 20 septembre 2025 au 05 avril 2026<\/p>\n<p>avec Lyne St-Roch<\/p>\n<p>Programme complet | D\u00e9p\u00f4t seulement<\/p>\n","protected":false},"featured_media":5111,"template":"","meta":{"_acf_changed":false,"advanced_seo_description":"","jetpack_seo_html_title":"","jetpack_seo_noindex":false},"product_brand":[],"product_cat":[38],"product_tag":[],"class_list":{"0":"post-15633","1":"product","2":"type-product","3":"status-publish","4":"has-post-thumbnail","6":"product_cat-activite","8":"first","9":"instock","10":"virtual","11":"taxable","12":"purchasable","13":"product-type-simple"},"acf":[],"jetpack_sharing_enabled":true,"_links":{"self":[{"href":"https:\/\/utopsie.com\/work\/lynestroch\/wp-json\/wp\/v2\/product\/15633","targetHints":{"allow":["GET"]}}],"collection":[{"href":"https:\/\/utopsie.com\/work\/lynestroch\/wp-json\/wp\/v2\/product"}],"about":[{"href":"https:\/\/utopsie.com\/work\/lynestroch\/wp-json\/wp\/v2\/types\/product"}],"wp:featuredmedia":[{"embeddable":true,"href":"https:\/\/utopsie.com\/work\/lynestroch\/wp-json\/wp\/v2\/media\/5111"}],"wp:attachment":[{"href":"https:\/\/utopsie.com\/work\/lynestroch\/wp-json\/wp\/v2\/media?parent=15633"}],"wp:term":[{"taxonomy":"product_brand","embeddable":true,"href":"https:\/\/utopsie.com\/work\/lynestroch\/wp-json\/wp\/v2\/product_brand?post=15633"},{"taxonomy":"product_cat","embeddable":true,"href":"https:\/\/utopsie.com\/work\/lynestroch\/wp-json\/wp\/v2\/product_cat?post=15633"},{"taxonomy":"product_tag","embeddable":true,"href":"https:\/\/utopsie.com\/work\/lynestroch\/wp-json\/wp\/v2\/product_tag?post=15633"}],"curies":[{"name":"wp","href":"https:\/\/api.w.org\/{rel}","templated":true}]}}